{"id":4888,"date":"2026-03-29T10:16:36","date_gmt":"2026-03-29T10:16:36","guid":{"rendered":"https:\/\/adriafly.me\/?page_id=4888"},"modified":"2026-04-11T12:42:18","modified_gmt":"2026-04-11T12:42:18","slug":"ljubuski-kula","status":"publish","type":"page","link":"https:\/\/adriafly.me\/en\/ljubuski-kula\/","title":{"rendered":"Ljubu\u0161ki Paragliding Site"},"content":{"rendered":"\n<div style=\"height:30px\" aria-hidden=\"true\" class=\"wp-block-spacer\"><\/div>\n\n\n\n<p><strong>Kamera Kula sa pogledom u \u017eivo<\/strong><\/p>\n\n\n\n<div style=\"position:relative; width:100%; aspect-ratio:16\/9; overflow:hidden; border-radius:10px;\">\n  <video id=\"video-kula-only\" autoplay muted playsinline\n         style=\"width:100%; height:100%; object-fit:cover;\"><\/video>\n<\/div>\n\n<script src=\"https:\/\/cdn.jsdelivr.net\/npm\/hls.js@latest\"><\/script>\n<script>\nconst video = document.getElementById('video-kula-only');\nconst src = \"https:\/\/cdn-006.whatsupcams.com\/hls\/ba_ljubuski01.m3u8\";\n\nif(Hls.isSupported()){\n  const hls = new Hls();\n  hls.loadSource(src);\n  hls.attachMedia(video);\n} else if(video.canPlayType('application\/vnd.apple.mpegurl')){\n  video.src = src;\n}\n<\/script>\n\n\n\n<div style=\"height:30px\" aria-hidden=\"true\" class=\"wp-block-spacer\"><\/div>\n\n\n\n<p><strong>Meteorolo\u0161ka stanica na poleti\u0161tu<\/strong><\/p>\n\n\n<div class=\"adriafly-wrap\">\n<h3>Ljubu\u0161ki - Kula<\/h3>\n<div id=\"adriafly_69e7665026c10_offline\" style=\"margin-bottom:6px;\"><\/div>\n\n<div class=\"adriafly-top\">\n\n<div class=\"box\">\n<div class=\"label\">Smijer<\/div>\n<svg id=\"adriafly_69e7665026c10_arrow\" width=\"60\" height=\"60\" viewBox=\"0 0 100 100\">\n<g transform=\"translate(50,50)\">\n<rect x=\"-3\" y=\"-30\" width=\"6\" height=\"50\" fill=\"#4b5563\"\/>\n<polygon points=\"0,-45 14,-30 -14,-30\" fill=\"#4b5563\"\/>\n<\/g>\n<\/svg>\n<\/div>\n\n<div class=\"box\">\n<div class=\"label\">Vjetar<\/div>\n<div class=\"val\"><span id=\"adriafly_69e7665026c10_wind\">\u2014<\/span> m\/s<\/div>\n<\/div>\n\n<div class=\"box\">\n<div class=\"label\">Udari<\/div>\n<div class=\"val\"><span id=\"adriafly_69e7665026c10_gust\">\u2014<\/span> m\/s<\/div>\n<\/div>\n\n<div class=\"box\">\n<div class=\"label\">Minimalno<\/div>\n<div class=\"val\"><span id=\"adriafly_69e7665026c10_min\">\u2014<\/span> m\/s<\/div>\n<\/div>\n\n<div class=\"box\">\n<div class=\"label\">Temperatura<\/div>\n<div class=\"val\"><span id=\"adriafly_69e7665026c10_temp\">\u2014<\/span> \u00b0C<\/div>\n<\/div>\n\n<\/div>\n\n<div class=\"adriafly-chart-wrap\">\n<canvas id=\"adriafly_69e7665026c10_chart\"><\/canvas>\n<\/div>\n<\/div>\n\n<script src=\"https:\/\/cdn.jsdelivr.net\/npm\/chart.js\"><\/script>\n<script>\n(async function(){\n\nfunction kmhToMs(v){\n    return v \/ 3.6;\n}\n\nconst elWind = document.getElementById('adriafly_69e7665026c10_wind');\nconst elGust = document.getElementById('adriafly_69e7665026c10_gust');\nconst elMin = document.getElementById('adriafly_69e7665026c10_min');\nconst elTemp = document.getElementById('adriafly_69e7665026c10_temp');\nconst arrow = document.getElementById('adriafly_69e7665026c10_arrow');\nconst offlineEl = document.getElementById('adriafly_69e7665026c10_offline');\nconst ctx = document.getElementById('adriafly_69e7665026c10_chart').getContext('2d');\n\nlet chart=null;\n\nasync function loadData(){\nconst res = await fetch('https:\/\/adriafly.me\/wp-admin\/admin-ajax.php?action=adriafly_holfuy_data_1400',{cache:'no-store'});\nconst json = await res.json();\nif(!json.success) return;\n\nconst last = json.data.last;\nconst recent = json.data.recent;\n\nlet offlineMsg = '';\nif(last && last.timestamp){\n    const ts = last.timestamp.replace(\/-\/g,'\/');\n    const lastDate = new Date(ts);\n    const now = new Date();\n\n    if(now - lastDate > 3600*1000){\n        const hh = lastDate.getHours().toString().padStart(2,'0');\n        const mm = lastDate.getMinutes().toString().padStart(2,'0');\n        const dd = lastDate.getDate().toString().padStart(2,'0');\n        const mmth = (lastDate.getMonth()+1).toString().padStart(2,'0');\n        const yyyy = lastDate.getFullYear();\n\n        offlineMsg = `OFFLINE ${hh}:${mm} ${dd}.${mmth}.${yyyy}`;\n    }\n}\nofflineEl.textContent = offlineMsg;\nofflineEl.style.color = offlineMsg ? 'red' : '';\n\nelWind.textContent = kmhToMs(last.wind_speed).toFixed(1);\nelGust.textContent = kmhToMs(last.wind_gust).toFixed(1);\nelMin.textContent = kmhToMs(last.wind_min).toFixed(1);\nelTemp.textContent = last.temp;\n\nconst angle = last.wind_dir!==null ? (last.wind_dir+180)%360 : 0;\narrow.style.transform = 'rotate('+angle+'deg)';\n\nconst step = 12;\nconst filtered = recent.filter((_,i)=>i%step===0);\n\nconst labels = filtered.map(r=>r.timestamp.substring(11,16));\nconst wind = filtered.map(r=>kmhToMs(r.wind_speed));\nconst gust = filtered.map(r=>kmhToMs(r.wind_gust));\nconst dirs = filtered.map(r=>r.wind_dir);\n\nif(chart) chart.destroy();\n\nchart = new Chart(ctx,{\ntype:'line',\ndata:{\nlabels:labels,\ndatasets:[\n{label:'Vjetar', data:wind, borderColor:'#0ea5a4', backgroundColor:'rgba(14,165,164,0.12)', fill:true, tension:0.35, pointRadius:0},\n{label:'Udari', data:gust, borderColor:'#f97316', backgroundColor:'rgba(249,115,22,0.12)', fill:true, tension:0.35, pointRadius:0}\n]\n},\noptions:{\nresponsive:true,\nmaintainAspectRatio:false,\nlayout:{padding:{top:30}},\nplugins:{legend:{position:'bottom', labels:{usePointStyle:true, pointStyle:'circle', boxWidth:8, boxHeight:8}}},\nscales:{\ny:{\ntitle:{display:true,text:'m\/s'},\nmin:0,\nmax:Math.max(...gust)*1.2\n},\nx:{ticks:{maxRotation:0,autoSkip:true,maxTicksLimit:15}}\n}\n},\nplugins:[{\nid:'windArrows',\nafterDatasetsDraw(chart){\nconst ctx = chart.ctx;\nconst xAxis = chart.scales.x;\nconst y = chart.chartArea.top - 5;\n\nconst isMobile = window.innerWidth < 600;\nconst arrowStep = isMobile ? 3 : 1;\n\nfor(let i=0;i<dirs.length;i+=arrowStep){\n\nconst angle = (dirs[i]+180)%360;\nconst x = xAxis.getPixelForValue(i);\nconst s = gust[i]??0;\n\nlet color = \"#16a34a\";\nif(s > 4 && s <= 7) color = \"#facc15\";\nif(s > 7) color = \"#dc2626\";\n\nctx.save();\nctx.translate(x,y);\nctx.rotate(angle*Math.PI\/180);\nctx.strokeStyle=color;\nctx.fillStyle=color;\nctx.lineWidth=2;\n\nctx.beginPath();\nctx.moveTo(0,-10);\nctx.lineTo(0,10);\nctx.stroke();\n\nctx.beginPath();\nctx.moveTo(0,-10);\nctx.lineTo(6,0);\nctx.lineTo(-6,0);\nctx.closePath();\nctx.fill();\n\nctx.restore();\n}\n}\n}]\n});\n}\n\nawait loadData();\nsetInterval(loadData,60000);\n\n})();\n<\/script>\n\n<style>\n.adriafly-wrap{font-family:Arial,sans-serif;width:100%;background:#fff;padding:14px;border-radius:12px;border:1px solid #ddd;}\n.adriafly-top{display:flex;gap:12px;flex-wrap:wrap;margin-bottom:12px;}\n.box{background:#f7f9fc;border-radius:10px;padding:10px 12px;min-width:90px;text-align:center;}\n.label{font-size:11px;color:#6b7280;text-transform:uppercase;margin-bottom:4px;}\n.val{font-size:16px;font-weight:bold;color:#111;}\n.adriafly-chart-wrap{height:250px;}\n<\/style>\n\n\n\n\n<div style=\"height:30px\" aria-hidden=\"true\" class=\"wp-block-spacer\"><\/div>\n\n\n\n<p><strong>Osnovni podaci<\/strong><\/p>\n\n\n\n<p>Ljubu\u0161ki &#8211; Kula je jedno od pouzdanih mjesta za paraglajding u Bosni i Hercegovini. Zabilje\u017een je prili\u010dan broj polijetanja, nerijetko i preko 1000 godi\u0161nje. Sezona preleta traje od aprila do septembra. <br>Na poleti\u0161tu je dovoljno prostora sa oko 1000m\u00b2 vje\u0161ta\u010dke trave koja je postavljena 2020 godine. <\/p>\n\n\n\n<div style=\"height:30px\" aria-hidden=\"true\" class=\"wp-block-spacer\"><\/div>\n\n\n\n<p><br><strong>Upozorenja<\/strong><\/p>\n\n\n\n<p><br>Savjetuje se oprez u proljetnom i ljetnom periodu tokom ranih popodnevnih sati kada je dolinski vjetar pomije\u0161an sa termalnim vjetrovima nerijetko ja\u010dine &gt;10m\/s tvori sna\u017ene turbulencije.<\/p>\n\n\n\n<p>Prije polijetanja potrebno kontaktirati lokalni paraglajding klub <a href=\"https:\/\/www.facebook.com\/paraglidingljubuski\/\" target=\"_blank\" rel=\"noreferrer noopener\">PARAGLIDING LJUBU\u0160KI<\/a> na broj telefona <a href=\"tel:+385911215186\" target=\"_blank\" rel=\"noreferrer noopener\">+385 91 1215186<\/a><\/p>\n\n\n\n<div style=\"height:30px\" aria-hidden=\"true\" class=\"wp-block-spacer\"><\/div>\n\n\n\n<p><br><strong>Vazdu\u0161ni prostor<\/strong><\/p>\n\n\n\n<p><br>Vazdu\u0161ni prostor je ograni\u010den zbog blizine CTR Mostar. Prije polijetanja prou\u010diti ograni\u010denja.<\/p>\n\n\n\n<div style=\"height:30px\" aria-hidden=\"true\" class=\"wp-block-spacer\"><\/div>\n\n\n\n<p><strong>Lokacija i pristup<\/strong><\/p>\n\n\n\n<p>Do izleti\u0161ta Stari grad Ljubu\u0161ki (Kula Herceg Stjepana) najlak\u0161e je do\u0107i pje\u0161ke iz centra Ljubu\u0161kog. Uspon po\u010dinje kod crkve sv. Kate, odakle vodi dobro markirana, djelimi\u010dno asfaltirana i makadamska staza, a pje\u0161a\u010denje traje oko 20-30 minuta, nude\u0107i panoramski pogled na grad i okolicu.<br>Pristup poleti\u0161tu je lagan i mogu\u0107 putni\u010dkim automobilom ili gradskim taksijem iz grada koji do poleti\u0161ta Kula vozi po ugodnim cijenama.<br><br><\/p>\n\n\n\n<div style=\"height:30px\" aria-hidden=\"true\" class=\"wp-block-spacer\"><\/div>\n\n\n\n<p><strong>Nadmorska visina<\/strong><\/p>\n\n\n\n<p><br>Poleti\u0161te se nalazi na grebenu visine 330m NV. Slije\u0107e se na travnatu povr\u0161inu zapadno od naselja na visini od 85m NV (oko 245m visinske razlike).<\/p>\n\n\n\n<div style=\"height:30px\" aria-hidden=\"true\" class=\"wp-block-spacer\"><\/div>\n\n\n\n<p><strong><math xmlns=\"http:\/\/www.w3.org\/1998\/Math\/MathML\"><semantics><\/semantics><\/math>Poleti\u0161te i sleti\u0161te na mapi<\/strong><br><\/p>\n\n\n\n<ul class=\"wp-block-list\">\n<li>poleti\u0161te: <a href=\"https:\/\/maps.app.goo.gl\/sFcbdAw2vBM45HQp6\" target=\"_blank\" rel=\"noreferrer noopener\">43.202782, 17.555296<\/a><\/li>\n\n\n\n<li>sleti\u0161te: <a href=\"https:\/\/maps.app.goo.gl\/YymagQCaDTqsa64q7\" target=\"_blank\" rel=\"noreferrer noopener\">43.198801, 17.538075<\/a><\/li>\n<\/ul>\n\n\n<div class=\"wp-block-image\">\n<figure class=\"aligncenter size-full has-custom-border\"><a href=\"https:\/\/www.google.com\/maps\/@43.199364,17.5472775,1175m\/data=!3m1!1e3?entry=ttu&amp;g_ep=EgoyMDI2MDMyNC4wIKXMDSoASAFQAw%3D%3D\" target=\"_blank\" rel=\" noreferrer noopener\"><img loading=\"lazy\" decoding=\"async\" width=\"1200\" height=\"665\" src=\"https:\/\/adriafly.me\/wp-content\/uploads\/2026\/03\/ljubuski.png\" alt=\"\" class=\"wp-image-4913\" style=\"border-top-left-radius:20px;border-top-right-radius:20px;border-bottom-left-radius:20px;border-bottom-right-radius:20px\" srcset=\"https:\/\/adriafly.me\/wp-content\/uploads\/2026\/03\/ljubuski.png 1200w, https:\/\/adriafly.me\/wp-content\/uploads\/2026\/03\/ljubuski-768x425.png 768w, https:\/\/adriafly.me\/wp-content\/uploads\/2026\/03\/ljubuski-100x55.png 100w\" sizes=\"auto, (max-width: 1200px) 100vw, 1200px\" \/><\/a><\/figure>\n<\/div>","protected":false},"excerpt":{"rendered":"<p>Kamera Kula sa pogledom u \u017eivo Meteorolo\u0161ka stanica na poleti\u0161tu Osnovni podaci Ljubu\u0161ki &#8211; Kula je jedno od pouzdanih mjesta za paraglajding u Bosni i Hercegovini. Zabilje\u017een je prili\u010dan broj polijetanja, nerijetko i preko 1000 godi\u0161nje. Sezona preleta traje od aprila do septembra. Na poleti\u0161tu je dovoljno prostora sa oko [&hellip;]<\/p>\n","protected":false},"author":1,"featured_media":2581,"parent":0,"menu_order":0,"comment_status":"closed","ping_status":"closed","template":"","meta":{"footnotes":""},"class_list":["post-4888","page","type-page","status-publish","has-post-thumbnail","hentry"],"yoast_head":"<!-- This site is optimized with the Yoast SEO plugin v27.4 - https:\/\/yoast.com\/product\/yoast-seo-wordpress\/ -->\n<title>Paraglajding letili\u0161te Ljubu\u0161ki - Adriafly - Paragliding Club<\/title>\n<meta name=\"robots\" content=\"index, follow, max-snippet:-1, max-image-preview:large, max-video-preview:-1\" \/>\n<link rel=\"canonical\" href=\"https:\/\/adriafly.me\/en\/ljubuski-kula\/\" \/>\n<meta property=\"og:locale\" content=\"en_US\" \/>\n<meta property=\"og:type\" content=\"article\" \/>\n<meta property=\"og:title\" content=\"Paraglajding letili\u0161te Ljubu\u0161ki - Adriafly - Paragliding Club\" \/>\n<meta property=\"og:description\" content=\"Kamera Kula sa pogledom u \u017eivo Meteorolo\u0161ka stanica na poleti\u0161tu Osnovni podaci Ljubu\u0161ki &#8211; Kula je jedno od pouzdanih mjesta za paraglajding u Bosni i Hercegovini. Zabilje\u017een je prili\u010dan broj polijetanja, nerijetko i preko 1000 godi\u0161nje. Sezona preleta traje od aprila do septembra. Na poleti\u0161tu je dovoljno prostora sa oko [&hellip;]\" \/>\n<meta property=\"og:url\" content=\"https:\/\/adriafly.me\/en\/ljubuski-kula\/\" \/>\n<meta property=\"og:site_name\" content=\"Adriafly - Paragliding Club\" \/>\n<meta property=\"article:publisher\" content=\"https:\/\/www.facebook.com\/AdriaFly\" \/>\n<meta property=\"article:modified_time\" content=\"2026-04-11T12:42:18+00:00\" \/>\n<meta property=\"og:image\" content=\"https:\/\/adriafly.me\/wp-content\/uploads\/2024\/05\/mratinici.jpg\" \/>\n\t<meta property=\"og:image:width\" content=\"1024\" \/>\n\t<meta property=\"og:image:height\" content=\"685\" \/>\n\t<meta property=\"og:image:type\" content=\"image\/jpeg\" \/>\n<meta name=\"twitter:card\" content=\"summary_large_image\" \/>\n<meta name=\"twitter:label1\" content=\"Est. reading time\" \/>\n\t<meta name=\"twitter:data1\" content=\"2 minutes\" \/>\n<script type=\"application\/ld+json\" class=\"yoast-schema-graph\">{\"@context\":\"https:\\\/\\\/schema.org\",\"@graph\":[{\"@type\":\"WebPage\",\"@id\":\"https:\\\/\\\/adriafly.me\\\/ljubuski-kula\\\/\",\"url\":\"https:\\\/\\\/adriafly.me\\\/ljubuski-kula\\\/\",\"name\":\"Paraglajding letili\u0161te Ljubu\u0161ki - Adriafly - Paragliding Club\",\"isPartOf\":{\"@id\":\"https:\\\/\\\/adriafly.me\\\/#website\"},\"primaryImageOfPage\":{\"@id\":\"https:\\\/\\\/adriafly.me\\\/ljubuski-kula\\\/#primaryimage\"},\"image\":{\"@id\":\"https:\\\/\\\/adriafly.me\\\/ljubuski-kula\\\/#primaryimage\"},\"thumbnailUrl\":\"https:\\\/\\\/adriafly.me\\\/wp-content\\\/uploads\\\/2024\\\/05\\\/mratinici.jpg\",\"datePublished\":\"2026-03-29T10:16:36+00:00\",\"dateModified\":\"2026-04-11T12:42:18+00:00\",\"breadcrumb\":{\"@id\":\"https:\\\/\\\/adriafly.me\\\/ljubuski-kula\\\/#breadcrumb\"},\"inLanguage\":\"en-NZ\",\"potentialAction\":[{\"@type\":\"ReadAction\",\"target\":[\"https:\\\/\\\/adriafly.me\\\/ljubuski-kula\\\/\"]}]},{\"@type\":\"ImageObject\",\"inLanguage\":\"en-NZ\",\"@id\":\"https:\\\/\\\/adriafly.me\\\/ljubuski-kula\\\/#primaryimage\",\"url\":\"https:\\\/\\\/adriafly.me\\\/wp-content\\\/uploads\\\/2024\\\/05\\\/mratinici.jpg\",\"contentUrl\":\"https:\\\/\\\/adriafly.me\\\/wp-content\\\/uploads\\\/2024\\\/05\\\/mratinici.jpg\",\"width\":1024,\"height\":685},{\"@type\":\"BreadcrumbList\",\"@id\":\"https:\\\/\\\/adriafly.me\\\/ljubuski-kula\\\/#breadcrumb\",\"itemListElement\":[{\"@type\":\"ListItem\",\"position\":1,\"name\":\"Po\u010detna\",\"item\":\"https:\\\/\\\/adriafly.me\\\/\"},{\"@type\":\"ListItem\",\"position\":2,\"name\":\"Paraglajding letili\u0161te Ljubu\u0161ki\"}]},{\"@type\":\"WebSite\",\"@id\":\"https:\\\/\\\/adriafly.me\\\/#website\",\"url\":\"https:\\\/\\\/adriafly.me\\\/\",\"name\":\"Adriafly - Paragliding Club\",\"description\":\"Paraglajding klub Herceg Novi\",\"publisher\":{\"@id\":\"https:\\\/\\\/adriafly.me\\\/#organization\"},\"alternateName\":\"Adriafly\",\"potentialAction\":[{\"@type\":\"SearchAction\",\"target\":{\"@type\":\"EntryPoint\",\"urlTemplate\":\"https:\\\/\\\/adriafly.me\\\/?s={search_term_string}\"},\"query-input\":{\"@type\":\"PropertyValueSpecification\",\"valueRequired\":true,\"valueName\":\"search_term_string\"}}],\"inLanguage\":\"en-NZ\"},{\"@type\":\"Organization\",\"@id\":\"https:\\\/\\\/adriafly.me\\\/#organization\",\"name\":\"Adriafly - Paragliding Club\",\"url\":\"https:\\\/\\\/adriafly.me\\\/\",\"logo\":{\"@type\":\"ImageObject\",\"inLanguage\":\"en-NZ\",\"@id\":\"https:\\\/\\\/adriafly.me\\\/#\\\/schema\\\/logo\\\/image\\\/\",\"url\":\"https:\\\/\\\/adriafly.me\\\/wp-content\\\/uploads\\\/2025\\\/08\\\/02-LOGO-nobackgr.png\",\"contentUrl\":\"https:\\\/\\\/adriafly.me\\\/wp-content\\\/uploads\\\/2025\\\/08\\\/02-LOGO-nobackgr.png\",\"width\":1536,\"height\":1349,\"caption\":\"Adriafly - Paragliding Club\"},\"image\":{\"@id\":\"https:\\\/\\\/adriafly.me\\\/#\\\/schema\\\/logo\\\/image\\\/\"},\"sameAs\":[\"https:\\\/\\\/www.facebook.com\\\/AdriaFly\",\"https:\\\/\\\/www.instagram.com\\\/adriafly.me\\\/\"]}]}<\/script>\n<!-- \/ Yoast SEO plugin. -->","yoast_head_json":{"title":"Paraglajding letili\u0161te Ljubu\u0161ki - Adriafly - Paragliding Club","robots":{"index":"index","follow":"follow","max-snippet":"max-snippet:-1","max-image-preview":"max-image-preview:large","max-video-preview":"max-video-preview:-1"},"canonical":"https:\/\/adriafly.me\/en\/ljubuski-kula\/","og_locale":"en_US","og_type":"article","og_title":"Paraglajding letili\u0161te Ljubu\u0161ki - Adriafly - Paragliding Club","og_description":"Kamera Kula sa pogledom u \u017eivo Meteorolo\u0161ka stanica na poleti\u0161tu Osnovni podaci Ljubu\u0161ki &#8211; Kula je jedno od pouzdanih mjesta za paraglajding u Bosni i Hercegovini. Zabilje\u017een je prili\u010dan broj polijetanja, nerijetko i preko 1000 godi\u0161nje. Sezona preleta traje od aprila do septembra. Na poleti\u0161tu je dovoljno prostora sa oko [&hellip;]","og_url":"https:\/\/adriafly.me\/en\/ljubuski-kula\/","og_site_name":"Adriafly - Paragliding Club","article_publisher":"https:\/\/www.facebook.com\/AdriaFly","article_modified_time":"2026-04-11T12:42:18+00:00","og_image":[{"width":1024,"height":685,"url":"https:\/\/adriafly.me\/wp-content\/uploads\/2024\/05\/mratinici.jpg","type":"image\/jpeg"}],"twitter_card":"summary_large_image","twitter_misc":{"Est. reading time":"2 minutes"},"schema":{"@context":"https:\/\/schema.org","@graph":[{"@type":"WebPage","@id":"https:\/\/adriafly.me\/ljubuski-kula\/","url":"https:\/\/adriafly.me\/ljubuski-kula\/","name":"Paraglajding letili\u0161te Ljubu\u0161ki - Adriafly - Paragliding Club","isPartOf":{"@id":"https:\/\/adriafly.me\/#website"},"primaryImageOfPage":{"@id":"https:\/\/adriafly.me\/ljubuski-kula\/#primaryimage"},"image":{"@id":"https:\/\/adriafly.me\/ljubuski-kula\/#primaryimage"},"thumbnailUrl":"https:\/\/adriafly.me\/wp-content\/uploads\/2024\/05\/mratinici.jpg","datePublished":"2026-03-29T10:16:36+00:00","dateModified":"2026-04-11T12:42:18+00:00","breadcrumb":{"@id":"https:\/\/adriafly.me\/ljubuski-kula\/#breadcrumb"},"inLanguage":"en-NZ","potentialAction":[{"@type":"ReadAction","target":["https:\/\/adriafly.me\/ljubuski-kula\/"]}]},{"@type":"ImageObject","inLanguage":"en-NZ","@id":"https:\/\/adriafly.me\/ljubuski-kula\/#primaryimage","url":"https:\/\/adriafly.me\/wp-content\/uploads\/2024\/05\/mratinici.jpg","contentUrl":"https:\/\/adriafly.me\/wp-content\/uploads\/2024\/05\/mratinici.jpg","width":1024,"height":685},{"@type":"BreadcrumbList","@id":"https:\/\/adriafly.me\/ljubuski-kula\/#breadcrumb","itemListElement":[{"@type":"ListItem","position":1,"name":"Po\u010detna","item":"https:\/\/adriafly.me\/"},{"@type":"ListItem","position":2,"name":"Paraglajding letili\u0161te Ljubu\u0161ki"}]},{"@type":"WebSite","@id":"https:\/\/adriafly.me\/#website","url":"https:\/\/adriafly.me\/","name":"Adriafly - Paragliding Club","description":"Paraglajding klub Herceg Novi","publisher":{"@id":"https:\/\/adriafly.me\/#organization"},"alternateName":"Adriafly","potentialAction":[{"@type":"SearchAction","target":{"@type":"EntryPoint","urlTemplate":"https:\/\/adriafly.me\/?s={search_term_string}"},"query-input":{"@type":"PropertyValueSpecification","valueRequired":true,"valueName":"search_term_string"}}],"inLanguage":"en-NZ"},{"@type":"Organization","@id":"https:\/\/adriafly.me\/#organization","name":"Adriafly - Paragliding Club","url":"https:\/\/adriafly.me\/","logo":{"@type":"ImageObject","inLanguage":"en-NZ","@id":"https:\/\/adriafly.me\/#\/schema\/logo\/image\/","url":"https:\/\/adriafly.me\/wp-content\/uploads\/2025\/08\/02-LOGO-nobackgr.png","contentUrl":"https:\/\/adriafly.me\/wp-content\/uploads\/2025\/08\/02-LOGO-nobackgr.png","width":1536,"height":1349,"caption":"Adriafly - Paragliding Club"},"image":{"@id":"https:\/\/adriafly.me\/#\/schema\/logo\/image\/"},"sameAs":["https:\/\/www.facebook.com\/AdriaFly","https:\/\/www.instagram.com\/adriafly.me\/"]}]}},"_links":{"self":[{"href":"https:\/\/adriafly.me\/en\/wp-json\/wp\/v2\/pages\/4888","targetHints":{"allow":["GET"]}}],"collection":[{"href":"https:\/\/adriafly.me\/en\/wp-json\/wp\/v2\/pages"}],"about":[{"href":"https:\/\/adriafly.me\/en\/wp-json\/wp\/v2\/types\/page"}],"author":[{"embeddable":true,"href":"https:\/\/adriafly.me\/en\/wp-json\/wp\/v2\/users\/1"}],"replies":[{"embeddable":true,"href":"https:\/\/adriafly.me\/en\/wp-json\/wp\/v2\/comments?post=4888"}],"version-history":[{"count":5,"href":"https:\/\/adriafly.me\/en\/wp-json\/wp\/v2\/pages\/4888\/revisions"}],"predecessor-version":[{"id":5010,"href":"https:\/\/adriafly.me\/en\/wp-json\/wp\/v2\/pages\/4888\/revisions\/5010"}],"wp:featuredmedia":[{"embeddable":true,"href":"https:\/\/adriafly.me\/en\/wp-json\/wp\/v2\/media\/2581"}],"wp:attachment":[{"href":"https:\/\/adriafly.me\/en\/wp-json\/wp\/v2\/media?parent=4888"}],"curies":[{"name":"wp","href":"https:\/\/api.w.org\/{rel}","templated":true}]}}