{"id":4989,"date":"2026-04-11T09:03:15","date_gmt":"2026-04-11T09:03:15","guid":{"rendered":"https:\/\/adriafly.me\/?page_id=4989"},"modified":"2026-04-11T09:22:07","modified_gmt":"2026-04-11T09:22:07","slug":"drvar-kruskovac","status":"publish","type":"page","link":"https:\/\/adriafly.me\/en\/drvar-kruskovac\/","title":{"rendered":"Drvar Paragliding Launch Site"},"content":{"rendered":"\n<div style=\"height:30px\" aria-hidden=\"true\" class=\"wp-block-spacer\"><\/div>\n\n\n\n<p><strong>Poleti\u0161te Kru\u0161kovac<\/strong><\/p>\n\n\n\n<figure class=\"wp-block-image size-large has-custom-border\"><img decoding=\"async\" src=\"https:\/\/paraglajdingdrvar.com\/wp-content\/uploads\/2023\/07\/METEO-STANICA-na-poletistu-Kruskovac-Paraglajding-klub-Drvar-2.jpg\" style=\"border-top-left-radius:20px;border-top-right-radius:20px;border-bottom-left-radius:20px;border-bottom-right-radius:20px\"\/><\/figure>\n\n\n\n<div style=\"height:30px\" aria-hidden=\"true\" class=\"wp-block-spacer\"><\/div>\n\n\n\n<p><strong>Meteorolo\u0161ka stanica na poleti\u0161tu<\/strong><\/p>\n\n\n<div class=\"adriafly-wrap\">\n<h3>Kru\u0161kovac<\/h3>\n<div id=\"69e764f22c4ca_offline\" style=\"margin-bottom:6px;\"><\/div>\n\n<div class=\"adriafly-top\">\n<div class=\"box\">\n<div class=\"label\">Smijer<\/div>\n<svg id=\"69e764f22c4ca_arrow\" width=\"60\" height=\"60\" viewBox=\"0 0 100 100\">\n<g transform=\"translate(50,50)\">\n<rect x=\"-3\" y=\"-30\" width=\"6\" height=\"50\" fill=\"#4b5563\"\/>\n<polygon points=\"0,-45 14,-30 -14,-30\" fill=\"#4b5563\"\/>\n<\/g>\n<\/svg>\n<\/div>\n\n<div class=\"box\">\n<div class=\"label\">Vjetar<\/div>\n<div class=\"val\"><span id=\"69e764f22c4ca_wind\">\u2014<\/span> m\/s<\/div>\n<\/div>\n\n<div class=\"box\">\n<div class=\"label\">Udari<\/div>\n<div class=\"val\"><span id=\"69e764f22c4ca_gust\">\u2014<\/span> m\/s<\/div>\n<\/div>\n\n<div class=\"box\">\n<div class=\"label\">Temperatura<\/div>\n<div class=\"val\"><span id=\"69e764f22c4ca_temp\">\u2014<\/span> \u00b0C<\/div>\n<\/div>\n<\/div>\n\n<div class=\"adriafly-chart-wrap\">\n<canvas id=\"69e764f22c4ca_chart\"><\/canvas>\n<\/div>\n<\/div>\n\n<script src=\"https:\/\/cdn.jsdelivr.net\/npm\/chart.js\"><\/script>\n<script>\n(async function(){\nconst elWind = document.getElementById('69e764f22c4ca_wind');\nconst elGust = document.getElementById('69e764f22c4ca_gust');\nconst elTemp = document.getElementById('69e764f22c4ca_temp');\nconst arrow = document.getElementById('69e764f22c4ca_arrow');\nconst offlineEl = document.getElementById('69e764f22c4ca_offline');\nconst ctx = document.getElementById('69e764f22c4ca_chart').getContext('2d');\n\nfunction kmhToMs(v){ return v \/ 1; }\n\nlet chart=null;\n\nasync function loadData(){\ntry{\nconst res = await fetch('https:\/\/adriafly.me\/wp-content\/meteo\/meteo-kruskovac.php',{cache:'no-store'});\nconst json = await res.json();\n\nif(!json.data || !json.data.length) throw new Error('No data');\n\nconst data = json.data.reverse();\nconst recent = data.slice(-480);\nconst last = recent[recent.length-1];\n\n\/\/ OFFLINE\nlet offlineMsg = '';\nif(last){\nconst lastDate = new Date(last.time.replace(\/-\/g,'\/'));\nconst now = new Date();\nif(now - lastDate > 3600*1000){\nconst hh = lastDate.getHours().toString().padStart(2,'0');\nconst mm = lastDate.getMinutes().toString().padStart(2,'0');\nconst dd = lastDate.getDate().toString().padStart(2,'0');\nconst mmth = (lastDate.getMonth()+1).toString().padStart(2,'0');\nconst yyyy = lastDate.getFullYear();\nofflineMsg = `OFFLINE ${hh}:${mm} ${dd}.${mmth}.${yyyy}`;\n}\n}\nofflineEl.textContent = offlineMsg;\nofflineEl.style.color = offlineMsg ? 'red' : '';\n\n\/\/ VALUES\nelWind.textContent = kmhToMs(last.wind_speed).toFixed(1);\nelGust.textContent = kmhToMs(last.wind_max).toFixed(1);\nelTemp.textContent = Math.round(last.temperature*10)\/10; \/\/ broj sa 1 decimalom\n\n\/\/ ARROW\nconst dirMap = {\n\"N\":0,\"NNE\":22.5,\"NE\":45,\"ENE\":67.5,\n\"E\":90,\"ESE\":112.5,\"SE\":135,\"SSE\":157.5,\n\"S\":180,\"SSW\":202.5,\"SW\":225,\"WSW\":247.5,\n\"W\":270,\"WNW\":292.5,\"NW\":315,\"NNW\":337.5\n};\nconst angle = ((dirMap[last.wind_direction] ?? 0)+180)%360;\narrow.style.transform = 'rotate('+angle+'deg)';\n\n\/\/ GRAPH\nconst step = 12;\nconst filtered = recent.filter((_,i)=>i%step===0);\n\nconst labels = filtered.map(r=>r.time.substring(11,16));\nconst wind = filtered.map(r=>kmhToMs(r.wind_speed));\nconst gust = filtered.map(r=>kmhToMs(r.wind_max));\nconst dirs = filtered.map(r=>dirMap[r.wind_direction] ?? 0);\n\nif(chart) chart.destroy();\n\nchart = new Chart(ctx,{\ntype:'line',\ndata:{\nlabels:labels,\ndatasets:[\n{label:'Vjetar', data:wind, borderColor:'#0ea5a4', fill:true, tension:0.35, pointRadius:0},\n{label:'Udari', data:gust, borderColor:'#f97316', fill:true, tension:0.35, pointRadius:0}\n]\n},\noptions:{\nresponsive:true,\nmaintainAspectRatio:false,\nlayout:{padding:{top:30}},\nplugins:{\nlegend:{\nposition:'bottom',\nlabels:{\nusePointStyle:true,\npointStyle:'circle',\nboxWidth:8,\nboxHeight:8\n}\n}\n},\nscales:{\ny:{title:{display:true,text:'m\/s'},min:0,max:Math.max(...gust)*1.2},\nx:{ticks:{maxRotation:0}}\n}\n},\nplugins:[{\nid:'windArrows',\nafterDatasetsDraw(chart){\nconst ctx = chart.ctx;\nconst xAxis = chart.scales.x;\nconst y = chart.chartArea.top - 5;\nconst isMobile = window.innerWidth < 600;\nconst arrowStep = isMobile ? 3 : 1;\nfor(let i=0;i<dirs.length;i+=arrowStep){\nconst angle = (dirs[i]+180)%360;\nconst x = xAxis.getPixelForValue(i);\nconst s = gust[i]??0;\nlet color = \"#16a34a\";\nif(s > 4 && s <= 7) color = \"#facc15\";\nif(s > 7) color = \"#dc2626\";\nctx.save();\nctx.translate(x,y);\nctx.rotate(angle*Math.PI\/180);\nctx.strokeStyle=color;\nctx.fillStyle=color;\nctx.beginPath();\nctx.moveTo(0,-10);\nctx.lineTo(0,10);\nctx.stroke();\nctx.beginPath();\nctx.moveTo(0,-10);\nctx.lineTo(6,0);\nctx.lineTo(-6,0);\nctx.closePath();\nctx.fill();\nctx.restore();\n}\n}\n}]\n});\n}catch(e){\nofflineEl.textContent = 'OFFLINE';\nofflineEl.style.color = 'red';\nelWind.textContent = '\u2014';\nelGust.textContent = '\u2014';\nelTemp.textContent = '\u2014';\nif(chart) chart.destroy();\n}\n}\n\nawait loadData();\nsetInterval(loadData,60000);\n})();\n<\/script>\n\n<style>\n.adriafly-wrap{font-family:Arial,sans-serif;width:100%;background:#fff;padding:14px;border-radius:12px;border:1px solid #ddd;}\n.adriafly-top{display:flex;gap:12px;flex-wrap:wrap;margin-bottom:12px;}\n.box{background:#f7f9fc;border-radius:10px;padding:10px 12px;min-width:90px;text-align:center;}\n.label{font-size:11px;color:#6b7280;text-transform:uppercase;margin-bottom:4px;}\n.val{font-size:16px;font-weight:bold;color:#111;}\n.adriafly-chart-wrap{height:250px;}\n<\/style>\n\n\n\n\n<div style=\"height:30px\" aria-hidden=\"true\" class=\"wp-block-spacer\"><\/div>\n\n\n\n<p id=\"block-1b10ba95-0181-4651-8959-d93c055fea9f\"><strong>Osnovni podaci<\/strong><\/p>\n\n\n\n<p id=\"block-48ccda90-144d-4d55-9ad1-dc28643d9ebb\">Poleti\u0161te Kru\u0161kovac iznad Drvara je jedno od prepoznatljivih XC letili\u0161ta u regionu. Opremljeno je paraglajding domom, nadstre\u0161nicom i prostranom umjetnom travom na ure\u0111enoj povr\u0161ini. Letili\u0161te je pogodno za sve kategorije pilota, tandem letove i paraglajding obuku. <\/p>\n\n\n\n<div style=\"height:45px\" aria-hidden=\"true\" class=\"wp-block-spacer\"><\/div>\n\n\n\n<p id=\"block-b6699d64-f46c-418d-a28f-38e5317efb06\"><br><strong>Upozorenja<\/strong><\/p>\n\n\n\n<p id=\"block-a36345f5-6333-4598-ba6d-081bd19cfc7f\">Regiju karakteri\u0161e jak dnevni razvoj termike i mogu\u0107a visoka baza oblaka, uz brzu konvektivnu eskalaciju u ljetnim uslovima. Drvarsku kotlinu karakteri\u0161e kanalizovan dolinski vjetar, sa mogu\u0107im efektom stri\u017eenja na prelazu kotlina \u2013 greben.<br>U \u0161irem podru\u010dju BiH postoje zone sa mogu\u0107im zaostalim minsko-eksplozivnim sredstvima, te je obavezna provjera lokalnih informacija i kretanje isklju\u010divo po sigurnim pristupnim rutama.<\/p>\n\n\n\n<div style=\"height:30px\" aria-hidden=\"true\" class=\"wp-block-spacer\"><\/div>\n\n\n\n<p id=\"block-a36345f5-6333-4598-ba6d-081bd19cfc7f\"><br><strong>Vazdu\u0161ni prostor<\/strong><\/p>\n\n\n\n<p id=\"block-6d3142a1-c527-4f0b-b5b3-3d0388f1ff11\">Letili\u0161te se nalazi u vazdu\u0161nom prostoru klase G. Paraglajding zona mo\u017ee biti predmet privremene aktivacije zbog vojne restrikcije ili helikopterske operacije. Prilikom izvo\u0111enja XC letova voditi ra\u010duna o mogu\u0107em ulasku u kontrolisani prostor. \u0160iri prostor oko Banjaluke kontroli\u0161e <a href=\"https:\/\/www.bhansa.gov.ba\/sr\" target=\"_blank\" rel=\"noreferrer noopener\">ABHANSA (AIS\/NOTAM sistem)<\/a>. Poleti\u0161te je izgradio i njime upravlja <a href=\"https:\/\/paraglajdingdrvar.com\" target=\"_blank\" rel=\"noreferrer noopener\">Paraglajding klub Drvar<\/a>, odgovorna osoba je <a href=\"tel: +387 065 821 502\">Marko Zara\u010d<\/a>.<\/p>\n\n\n\n<div style=\"height:30px\" aria-hidden=\"true\" class=\"wp-block-spacer\"><\/div>\n\n\n\n<p id=\"block-98da2096-efef-433c-97a4-c8f34a4a1eb1\"><strong>Lokacija i pristup<\/strong><\/p>\n\n\n\n<p id=\"block-42687c7f-6c13-46c6-b677-00386d400c40\">Pristup je mogu\u0107  vozilima skoro do poleti\u0161ta po asfaltnom putu, djelimi\u010dno po makadamskom putu du\u017eine 4km. Za transport i retransport se preporu\u010duje anga\u017eman odgovorne osobe lokalnog kluba. Drvar postaje prepoznatljivo mjesto paraglajding turizma, sportskih takmi\u010denja i mjesto klupskih okupljanja, tako da je smje\u0161taj dostupan u blizini sleti\u0161ta. <\/p>\n\n\n\n<div style=\"height:30px\" aria-hidden=\"true\" class=\"wp-block-spacer\"><\/div>\n\n\n\n<p id=\"block-8d26329f-6fd8-48f1-b67e-e5b2d33477ed\"><strong>Nadmorska visina<\/strong><\/p>\n\n\n\n<p id=\"block-8d26329f-6fd8-48f1-b67e-e5b2d33477ed\"><br>Poleti\u0161te se nalazi iznad grada visini oko 675m NV. Teren je prostran sa umjerenim nagibom i ure\u0111en.<br> U dobrim uslovima se \u010desto izvodi slijetanje na poleti\u0161te. Slijetanje se praktikuje na oficijelno sleti\u0161te kod stadiona.<\/p>\n\n\n\n<div style=\"height:30px\" aria-hidden=\"true\" class=\"wp-block-spacer\"><\/div>\n\n\n\n<p id=\"block-82f6cac9-01d0-4d68-b5ed-d1851093cacc\"><strong>Poleti\u0161te i sleti\u0161te na mapi<\/strong><\/p>\n\n\n\n<ul id=\"block-ba8cf6d1-0e9f-4093-a57f-b3f076d68b1b\" class=\"wp-block-list\">\n<li>poleti\u0161te: <a href=\"https:\/\/maps.app.goo.gl\/nsR5YC3hPK528wk78\" target=\"_blank\" rel=\"noreferrer noopener\">44.379359, 16.396724<\/a><\/li>\n\n\n\n<li>sleti\u0161te: <a href=\"https:\/\/maps.app.goo.gl\/uVNk9Bs4NJLaAq9J9\" target=\"_blank\" rel=\"noreferrer noopener\">44.377749, 16.384846<\/a><\/li>\n<\/ul>\n\n\n\n<figure class=\"wp-block-image size-full has-custom-border\"><a href=\"https:\/\/maps.app.goo.gl\/uVNk9Bs4NJLaAq9J9\" target=\"_blank\" rel=\" noreferrer noopener\"><img loading=\"lazy\" decoding=\"async\" width=\"1200\" height=\"675\" src=\"https:\/\/adriafly.me\/wp-content\/uploads\/2026\/04\/pg-drvar.png\" alt=\"\" class=\"wp-image-4994\" style=\"border-top-left-radius:20px;border-top-right-radius:20px;border-bottom-left-radius:20px;border-bottom-right-radius:20px\" srcset=\"https:\/\/adriafly.me\/wp-content\/uploads\/2026\/04\/pg-drvar.png 1200w, https:\/\/adriafly.me\/wp-content\/uploads\/2026\/04\/pg-drvar-768x432.png 768w, https:\/\/adriafly.me\/wp-content\/uploads\/2026\/04\/pg-drvar-100x56.png 100w\" sizes=\"auto, (max-width: 1200px) 100vw, 1200px\" \/><\/a><\/figure>\n","protected":false},"excerpt":{"rendered":"<p>Poleti\u0161te Kru\u0161kovac Meteorolo\u0161ka stanica na poleti\u0161tu Osnovni podaci Poleti\u0161te Kru\u0161kovac iznad Drvara je jedno od prepoznatljivih XC letili\u0161ta u regionu. Opremljeno je paraglajding domom, nadstre\u0161nicom i prostranom umjetnom travom na ure\u0111enoj povr\u0161ini. Letili\u0161te je pogodno za sve kategorije pilota, tandem letove i paraglajding obuku. Upozorenja Regiju karakteri\u0161e jak dnevni razvoj [&hellip;]<\/p>\n","protected":false},"author":1,"featured_media":3889,"parent":0,"menu_order":0,"comment_status":"closed","ping_status":"closed","template":"","meta":{"footnotes":""},"class_list":["post-4989","page","type-page","status-publish","has-post-thumbnail","hentry"],"yoast_head":"<!-- This site is optimized with the Yoast SEO plugin v27.4 - https:\/\/yoast.com\/product\/yoast-seo-wordpress\/ -->\n<title>Paraglajding letili\u0161te Drvar - Adriafly - Paragliding Club<\/title>\n<meta name=\"robots\" content=\"index, follow, max-snippet:-1, max-image-preview:large, max-video-preview:-1\" \/>\n<link rel=\"canonical\" href=\"https:\/\/adriafly.me\/en\/drvar-kruskovac\/\" \/>\n<meta property=\"og:locale\" content=\"en_US\" \/>\n<meta property=\"og:type\" content=\"article\" \/>\n<meta property=\"og:title\" content=\"Paraglajding letili\u0161te Drvar - Adriafly - Paragliding Club\" \/>\n<meta property=\"og:description\" content=\"Poleti\u0161te Kru\u0161kovac Meteorolo\u0161ka stanica na poleti\u0161tu Osnovni podaci Poleti\u0161te Kru\u0161kovac iznad Drvara je jedno od prepoznatljivih XC letili\u0161ta u regionu. Opremljeno je paraglajding domom, nadstre\u0161nicom i prostranom umjetnom travom na ure\u0111enoj povr\u0161ini. Letili\u0161te je pogodno za sve kategorije pilota, tandem letove i paraglajding obuku. Upozorenja Regiju karakteri\u0161e jak dnevni razvoj [&hellip;]\" \/>\n<meta property=\"og:url\" content=\"https:\/\/adriafly.me\/en\/drvar-kruskovac\/\" \/>\n<meta property=\"og:site_name\" content=\"Adriafly - Paragliding Club\" \/>\n<meta property=\"article:publisher\" content=\"https:\/\/www.facebook.com\/AdriaFly\" \/>\n<meta property=\"article:modified_time\" content=\"2026-04-11T09:22:07+00:00\" \/>\n<meta property=\"og:image\" content=\"https:\/\/adriafly.me\/wp-content\/uploads\/2025\/08\/drvar-8-scaled.jpg\" \/>\n\t<meta property=\"og:image:width\" content=\"2560\" \/>\n\t<meta property=\"og:image:height\" content=\"1441\" \/>\n\t<meta property=\"og:image:type\" content=\"image\/jpeg\" \/>\n<meta name=\"twitter:card\" content=\"summary_large_image\" \/>\n<meta name=\"twitter:label1\" content=\"Est. reading time\" \/>\n\t<meta name=\"twitter:data1\" content=\"2 minutes\" \/>\n<script type=\"application\/ld+json\" class=\"yoast-schema-graph\">{\"@context\":\"https:\\\/\\\/schema.org\",\"@graph\":[{\"@type\":\"WebPage\",\"@id\":\"https:\\\/\\\/adriafly.me\\\/en\\\/drvar-kruskovac\\\/\",\"url\":\"https:\\\/\\\/adriafly.me\\\/en\\\/drvar-kruskovac\\\/\",\"name\":\"Paraglajding letili\u0161te Drvar - Adriafly - Paragliding Club\",\"isPartOf\":{\"@id\":\"https:\\\/\\\/adriafly.me\\\/#website\"},\"primaryImageOfPage\":{\"@id\":\"https:\\\/\\\/adriafly.me\\\/en\\\/drvar-kruskovac\\\/#primaryimage\"},\"image\":{\"@id\":\"https:\\\/\\\/adriafly.me\\\/en\\\/drvar-kruskovac\\\/#primaryimage\"},\"thumbnailUrl\":\"https:\\\/\\\/adriafly.me\\\/wp-content\\\/uploads\\\/2025\\\/08\\\/drvar-8-scaled.jpg\",\"datePublished\":\"2026-04-11T09:03:15+00:00\",\"dateModified\":\"2026-04-11T09:22:07+00:00\",\"breadcrumb\":{\"@id\":\"https:\\\/\\\/adriafly.me\\\/en\\\/drvar-kruskovac\\\/#breadcrumb\"},\"inLanguage\":\"en-NZ\",\"potentialAction\":[{\"@type\":\"ReadAction\",\"target\":[\"https:\\\/\\\/adriafly.me\\\/en\\\/drvar-kruskovac\\\/\"]}]},{\"@type\":\"ImageObject\",\"inLanguage\":\"en-NZ\",\"@id\":\"https:\\\/\\\/adriafly.me\\\/en\\\/drvar-kruskovac\\\/#primaryimage\",\"url\":\"https:\\\/\\\/adriafly.me\\\/wp-content\\\/uploads\\\/2025\\\/08\\\/drvar-8-scaled.jpg\",\"contentUrl\":\"https:\\\/\\\/adriafly.me\\\/wp-content\\\/uploads\\\/2025\\\/08\\\/drvar-8-scaled.jpg\",\"width\":2560,\"height\":1441},{\"@type\":\"BreadcrumbList\",\"@id\":\"https:\\\/\\\/adriafly.me\\\/en\\\/drvar-kruskovac\\\/#breadcrumb\",\"itemListElement\":[{\"@type\":\"ListItem\",\"position\":1,\"name\":\"Po\u010detna\",\"item\":\"https:\\\/\\\/adriafly.me\\\/\"},{\"@type\":\"ListItem\",\"position\":2,\"name\":\"Paraglajding letili\u0161te Drvar\"}]},{\"@type\":\"WebSite\",\"@id\":\"https:\\\/\\\/adriafly.me\\\/#website\",\"url\":\"https:\\\/\\\/adriafly.me\\\/\",\"name\":\"Adriafly - Paragliding Club\",\"description\":\"Paraglajding klub Herceg Novi\",\"publisher\":{\"@id\":\"https:\\\/\\\/adriafly.me\\\/#organization\"},\"alternateName\":\"Adriafly\",\"potentialAction\":[{\"@type\":\"SearchAction\",\"target\":{\"@type\":\"EntryPoint\",\"urlTemplate\":\"https:\\\/\\\/adriafly.me\\\/?s={search_term_string}\"},\"query-input\":{\"@type\":\"PropertyValueSpecification\",\"valueRequired\":true,\"valueName\":\"search_term_string\"}}],\"inLanguage\":\"en-NZ\"},{\"@type\":\"Organization\",\"@id\":\"https:\\\/\\\/adriafly.me\\\/#organization\",\"name\":\"Adriafly - Paragliding Club\",\"url\":\"https:\\\/\\\/adriafly.me\\\/\",\"logo\":{\"@type\":\"ImageObject\",\"inLanguage\":\"en-NZ\",\"@id\":\"https:\\\/\\\/adriafly.me\\\/#\\\/schema\\\/logo\\\/image\\\/\",\"url\":\"https:\\\/\\\/adriafly.me\\\/wp-content\\\/uploads\\\/2025\\\/08\\\/02-LOGO-nobackgr.png\",\"contentUrl\":\"https:\\\/\\\/adriafly.me\\\/wp-content\\\/uploads\\\/2025\\\/08\\\/02-LOGO-nobackgr.png\",\"width\":1536,\"height\":1349,\"caption\":\"Adriafly - Paragliding Club\"},\"image\":{\"@id\":\"https:\\\/\\\/adriafly.me\\\/#\\\/schema\\\/logo\\\/image\\\/\"},\"sameAs\":[\"https:\\\/\\\/www.facebook.com\\\/AdriaFly\",\"https:\\\/\\\/www.instagram.com\\\/adriafly.me\\\/\"]}]}<\/script>\n<!-- \/ Yoast SEO plugin. -->","yoast_head_json":{"title":"Paraglajding letili\u0161te Drvar - Adriafly - Paragliding Club","robots":{"index":"index","follow":"follow","max-snippet":"max-snippet:-1","max-image-preview":"max-image-preview:large","max-video-preview":"max-video-preview:-1"},"canonical":"https:\/\/adriafly.me\/en\/drvar-kruskovac\/","og_locale":"en_US","og_type":"article","og_title":"Paraglajding letili\u0161te Drvar - Adriafly - Paragliding Club","og_description":"Poleti\u0161te Kru\u0161kovac Meteorolo\u0161ka stanica na poleti\u0161tu Osnovni podaci Poleti\u0161te Kru\u0161kovac iznad Drvara je jedno od prepoznatljivih XC letili\u0161ta u regionu. Opremljeno je paraglajding domom, nadstre\u0161nicom i prostranom umjetnom travom na ure\u0111enoj povr\u0161ini. Letili\u0161te je pogodno za sve kategorije pilota, tandem letove i paraglajding obuku. Upozorenja Regiju karakteri\u0161e jak dnevni razvoj [&hellip;]","og_url":"https:\/\/adriafly.me\/en\/drvar-kruskovac\/","og_site_name":"Adriafly - Paragliding Club","article_publisher":"https:\/\/www.facebook.com\/AdriaFly","article_modified_time":"2026-04-11T09:22:07+00:00","og_image":[{"width":2560,"height":1441,"url":"https:\/\/adriafly.me\/wp-content\/uploads\/2025\/08\/drvar-8-scaled.jpg","type":"image\/jpeg"}],"twitter_card":"summary_large_image","twitter_misc":{"Est. reading time":"2 minutes"},"schema":{"@context":"https:\/\/schema.org","@graph":[{"@type":"WebPage","@id":"https:\/\/adriafly.me\/en\/drvar-kruskovac\/","url":"https:\/\/adriafly.me\/en\/drvar-kruskovac\/","name":"Paraglajding letili\u0161te Drvar - Adriafly - Paragliding Club","isPartOf":{"@id":"https:\/\/adriafly.me\/#website"},"primaryImageOfPage":{"@id":"https:\/\/adriafly.me\/en\/drvar-kruskovac\/#primaryimage"},"image":{"@id":"https:\/\/adriafly.me\/en\/drvar-kruskovac\/#primaryimage"},"thumbnailUrl":"https:\/\/adriafly.me\/wp-content\/uploads\/2025\/08\/drvar-8-scaled.jpg","datePublished":"2026-04-11T09:03:15+00:00","dateModified":"2026-04-11T09:22:07+00:00","breadcrumb":{"@id":"https:\/\/adriafly.me\/en\/drvar-kruskovac\/#breadcrumb"},"inLanguage":"en-NZ","potentialAction":[{"@type":"ReadAction","target":["https:\/\/adriafly.me\/en\/drvar-kruskovac\/"]}]},{"@type":"ImageObject","inLanguage":"en-NZ","@id":"https:\/\/adriafly.me\/en\/drvar-kruskovac\/#primaryimage","url":"https:\/\/adriafly.me\/wp-content\/uploads\/2025\/08\/drvar-8-scaled.jpg","contentUrl":"https:\/\/adriafly.me\/wp-content\/uploads\/2025\/08\/drvar-8-scaled.jpg","width":2560,"height":1441},{"@type":"BreadcrumbList","@id":"https:\/\/adriafly.me\/en\/drvar-kruskovac\/#breadcrumb","itemListElement":[{"@type":"ListItem","position":1,"name":"Po\u010detna","item":"https:\/\/adriafly.me\/"},{"@type":"ListItem","position":2,"name":"Paraglajding letili\u0161te Drvar"}]},{"@type":"WebSite","@id":"https:\/\/adriafly.me\/#website","url":"https:\/\/adriafly.me\/","name":"Adriafly - Paragliding Club","description":"Paraglajding klub Herceg Novi","publisher":{"@id":"https:\/\/adriafly.me\/#organization"},"alternateName":"Adriafly","potentialAction":[{"@type":"SearchAction","target":{"@type":"EntryPoint","urlTemplate":"https:\/\/adriafly.me\/?s={search_term_string}"},"query-input":{"@type":"PropertyValueSpecification","valueRequired":true,"valueName":"search_term_string"}}],"inLanguage":"en-NZ"},{"@type":"Organization","@id":"https:\/\/adriafly.me\/#organization","name":"Adriafly - Paragliding Club","url":"https:\/\/adriafly.me\/","logo":{"@type":"ImageObject","inLanguage":"en-NZ","@id":"https:\/\/adriafly.me\/#\/schema\/logo\/image\/","url":"https:\/\/adriafly.me\/wp-content\/uploads\/2025\/08\/02-LOGO-nobackgr.png","contentUrl":"https:\/\/adriafly.me\/wp-content\/uploads\/2025\/08\/02-LOGO-nobackgr.png","width":1536,"height":1349,"caption":"Adriafly - Paragliding Club"},"image":{"@id":"https:\/\/adriafly.me\/#\/schema\/logo\/image\/"},"sameAs":["https:\/\/www.facebook.com\/AdriaFly","https:\/\/www.instagram.com\/adriafly.me\/"]}]}},"_links":{"self":[{"href":"https:\/\/adriafly.me\/en\/wp-json\/wp\/v2\/pages\/4989","targetHints":{"allow":["GET"]}}],"collection":[{"href":"https:\/\/adriafly.me\/en\/wp-json\/wp\/v2\/pages"}],"about":[{"href":"https:\/\/adriafly.me\/en\/wp-json\/wp\/v2\/types\/page"}],"author":[{"embeddable":true,"href":"https:\/\/adriafly.me\/en\/wp-json\/wp\/v2\/users\/1"}],"replies":[{"embeddable":true,"href":"https:\/\/adriafly.me\/en\/wp-json\/wp\/v2\/comments?post=4989"}],"version-history":[{"count":5,"href":"https:\/\/adriafly.me\/en\/wp-json\/wp\/v2\/pages\/4989\/revisions"}],"predecessor-version":[{"id":4995,"href":"https:\/\/adriafly.me\/en\/wp-json\/wp\/v2\/pages\/4989\/revisions\/4995"}],"wp:featuredmedia":[{"embeddable":true,"href":"https:\/\/adriafly.me\/en\/wp-json\/wp\/v2\/media\/3889"}],"wp:attachment":[{"href":"https:\/\/adriafly.me\/en\/wp-json\/wp\/v2\/media?parent=4989"}],"curies":[{"name":"wp","href":"https:\/\/api.w.org\/{rel}","templated":true}]}}